{"id":113,"date":"2024-01-11T20:25:36","date_gmt":"2024-01-11T20:25:36","guid":{"rendered":"https:\/\/eguardtrade.com\/?page_id=113"},"modified":"2024-01-17T19:59:07","modified_gmt":"2024-01-17T19:59:07","slug":"privacy-policy","status":"publish","type":"page","link":"https:\/\/eguardtrade.com\/es\/politica-de-privacidad\/","title":{"rendered":"Pol\u00edtica de Privacidad"},"content":{"rendered":"<div data-elementor-type=\"wp-page\" data-elementor-id=\"113\" class=\"elementor elementor-113\" data-elementor-post-type=\"page\">\n\t\t\t\t\t\t<section class=\"elementor-section elementor-top-section elementor-element elementor-element-7be720f0 elementor-section-height-min-height elementor-section-boxed elementor-section-height-default elementor-section-items-middle\" data-id=\"7be720f0\" data-element_type=\"section\" data-settings=\"{&quot;background_background&quot;:&quot;classic&quot;}\">\n\t\t\t\t\t\t\t<div class=\"elementor-background-overlay\"><\/div>\n\t\t\t\t\t\t\t<div class=\"elementor-container elementor-column-gap-default\">\n\t\t\t\t\t<div class=\"elementor-column elementor-col-100 elementor-top-column elementor-element elementor-element-275f09b7\" data-id=\"275f09b7\" data-element_type=\"column\">\n\t\t\t<div class=\"elementor-widget-wrap elementor-element-populated\">\n\t\t\t\t\t\t<div class=\"elementor-element elementor-element-20e43726 elementor-widget elementor-widget-heading\" data-id=\"20e43726\" data-element_type=\"widget\" data-widget_type=\"heading.default\">\n\t\t\t\t<div class=\"elementor-widget-container\">\n\t\t\t\t\t<h2 class=\"elementor-heading-title elementor-size-default\">Pol\u00edtica de Privacidad<\/h2>\t\t\t\t<\/div>\n\t\t\t\t<\/div>\n\t\t\t\t\t<\/div>\n\t\t<\/div>\n\t\t\t\t\t<\/div>\n\t\t<\/section>\n\t\t<div class=\"elementor-element elementor-element-0984c95 e-flex e-con-boxed e-con e-parent\" data-id=\"0984c95\" data-element_type=\"container\">\n\t\t\t\t\t<div class=\"e-con-inner\">\n\t\t\t\t<div class=\"elementor-element elementor-element-de8b3f4 elementor-widget elementor-widget-heading\" data-id=\"de8b3f4\" data-element_type=\"widget\" data-widget_type=\"heading.default\">\n\t\t\t\t<div class=\"elementor-widget-container\">\n\t\t\t\t\t<h5 class=\"elementor-heading-title elementor-size-default\">\u00daltima actualizaci\u00f3n: 27 de diciembre del 2023.<\/h5>\t\t\t\t<\/div>\n\t\t\t\t<\/div>\n\t\t\t\t\t<\/div>\n\t\t\t\t<\/div>\n\t\t<div class=\"elementor-element elementor-element-388a6b2 e-flex e-con-boxed e-con e-parent\" data-id=\"388a6b2\" data-element_type=\"container\">\n\t\t\t\t\t<div class=\"e-con-inner\">\n\t\t\t\t<div class=\"elementor-element elementor-element-b66dae1 elementor-widget elementor-widget-text-editor\" data-id=\"b66dae1\" data-element_type=\"widget\" data-widget_type=\"text-editor.default\">\n\t\t\t\t<div class=\"elementor-widget-container\">\n\t\t\t\t\t\t\t\t\t<p>Nuestra Pol\u00edtica de privacidad no solo explica c\u00f3mo y por qu\u00e9 usamos la informaci\u00f3n personal que recopilamos, sino tambi\u00e9n c\u00f3mo puede acceder, actualizar o por lo dem\u00e1s asumir el control de su informaci\u00f3n personal.<\/p><p><strong>\u00bfQU\u00c9 INFORMACI\u00d3N RECOPILAMOS?<\/strong><\/p><p>Mucha de la que probablemente considere informaci\u00f3n personal se obtiene directamente de usted cuando crea una cuenta o adquiere cualquiera de nuestros Servicios, solicita ayuda a nuestro equipo de atenci\u00f3n al cliente o completa formularios de contacto o solicita boletines informativos u otra informaci\u00f3n.<\/p><p>Adem\u00e1s, obtenemos informaci\u00f3n adicional cuando le entregamos nuestros Servicios para garantizar el funcionamiento necesario y \u00f3ptimo.<\/p><p><strong>COOKIES <\/strong><\/p><p>Las cookies nos permiten rastrear el comportamiento de navegaci\u00f3n del usuario, como los enlaces en los que hace clic, las p\u00e1ginas que visita y los art\u00edculos que compra.<\/p><p><strong>\u00bfC\u00d3MO UTILIZAMOS SU INFORMACI\u00d3N?<\/strong><\/p><p>Creemos firmemente en minimizar los datos que recopilamos y en limitar su uso y finalidad solo para los que se nos ha otorgado permiso, en la medida que sea necesario para entregar los Servicios que compra o interact\u00faa, o en la medida que nos sea requerido para cumplir con las obligaciones legales u otros fines l\u00edcitos.<\/p><p><strong>\u00bfC\u00d3MO PUEDE ACTUALIZAR SUS DATOS?<\/strong><\/p><p>Para acceder, ver, actualizar o eliminar su informaci\u00f3n personal con facilidad, o para actualizar sus preferencias de suscripci\u00f3n, inicie sesi\u00f3n en su Cuenta y configure la misma. Si solicita eliminar su informaci\u00f3n personal y esos datos son necesarios para los servicios que adquiri\u00f3, la solicitud se aceptar\u00e1 solo en la medida que ya no sean necesarios para ninguno de los Servicios adquiridos ni requeridos para nuestros fines comerciales leg\u00edtimos ni para los requisitos legales o contractuales de conservaci\u00f3n de registros.<\/p><p><strong>RESTRICCIONES DE EDAD<\/strong><\/p><p>Nuestros Servicios no est\u00e1n dirigidos a menores de 18 a\u00f1os, ni tampoco es la intenci\u00f3n que ellos los consuman ni est\u00e1n dise\u00f1ados para seducirlos. Si tiene conocimiento o alg\u00fan motivo para suponer que un menor de 18 a\u00f1os nos proporcion\u00f3 informaci\u00f3n personal, comun\u00edquese con nosotros v\u00eda correo electr\u00f3nico.<\/p><p><strong>MODIFICACIONES A LA POL\u00cdTICA DE PRIVACIDAD<\/strong><\/p><p>Nos reservamos el derecho de modificar esta Pol\u00edtica de privacidad en cualquier momento. Si decidimos cambiar nuestra Pol\u00edtica de privacidad, publicaremos dichos cambios en esta Pol\u00edtica de privacidad y en cualquier otro lugar que consideremos adecuado.<\/p><p><strong>CONTACTO\/PREGUNTAS<\/strong><\/p><p>Si tiene alguna pregunta o inquietud respecto a este documento por favor env\u00edela al correo electr\u00f3nico de contacto en nuestro sitio web.<\/p><p>Direcci\u00f3n: 30a Jalan Dedap 20 Taman Johor Jaya 81100 Johor Bahru Johor Malaysia<\/p><p>Correo: management@eguardtrade.com<\/p>\t\t\t\t\t\t\t\t<\/div>\n\t\t\t\t<\/div>\n\t\t\t\t\t<\/div>\n\t\t\t\t<\/div>\n\t\t\t\t<\/div>","protected":false},"excerpt":{"rendered":"<p>Privacy Policy Last updated December 27th, 2023. Our Privacy Policy not only explains how and why we use the personal information we collect but also how you can access, update, or otherwise take control of your personal information. WHAT INFORMATION DO WE COLLECT? Much of what you are likely to consider personal information is obtained [&hellip;]<\/p>","protected":false},"author":6,"featured_media":0,"parent":0,"menu_order":0,"comment_status":"closed","ping_status":"closed","template":"elementor_header_footer","meta":{"footnotes":""},"class_list":["post-113","page","type-page","status-publish","hentry"],"_links":{"self":[{"href":"https:\/\/eguardtrade.com\/es\/wp-json\/wp\/v2\/pages\/113","targetHints":{"allow":["GET"]}}],"collection":[{"href":"https:\/\/eguardtrade.com\/es\/wp-json\/wp\/v2\/pages"}],"about":[{"href":"https:\/\/eguardtrade.com\/es\/wp-json\/wp\/v2\/types\/page"}],"author":[{"embeddable":true,"href":"https:\/\/eguardtrade.com\/es\/wp-json\/wp\/v2\/users\/6"}],"replies":[{"embeddable":true,"href":"https:\/\/eguardtrade.com\/es\/wp-json\/wp\/v2\/comments?post=113"}],"version-history":[{"count":7,"href":"https:\/\/eguardtrade.com\/es\/wp-json\/wp\/v2\/pages\/113\/revisions"}],"predecessor-version":[{"id":543,"href":"https:\/\/eguardtrade.com\/es\/wp-json\/wp\/v2\/pages\/113\/revisions\/543"}],"wp:attachment":[{"href":"https:\/\/eguardtrade.com\/es\/wp-json\/wp\/v2\/media?parent=113"}],"curies":[{"name":"wp","href":"https:\/\/api.w.org\/{rel}","templated":true}]}}