{"id":98,"date":"2024-01-11T20:20:53","date_gmt":"2024-01-11T20:20:53","guid":{"rendered":"https:\/\/eguardtrade.com\/?page_id=98"},"modified":"2024-01-12T00:45:35","modified_gmt":"2024-01-12T00:45:35","slug":"about-us","status":"publish","type":"page","link":"https:\/\/eguardtrade.com\/es\/nosotros\/","title":{"rendered":"Nosotros"},"content":{"rendered":"<div data-elementor-type=\"wp-page\" data-elementor-id=\"98\" class=\"elementor elementor-98\" data-elementor-post-type=\"page\">\n\t\t\t\t\t\t<section class=\"elementor-section elementor-top-section elementor-element elementor-element-23383498 elementor-section-height-min-height elementor-section-boxed elementor-section-height-default elementor-section-items-middle\" data-id=\"23383498\" data-element_type=\"section\" data-settings=\"{&quot;background_background&quot;:&quot;classic&quot;}\">\n\t\t\t\t\t\t\t<div class=\"elementor-background-overlay\"><\/div>\n\t\t\t\t\t\t\t<div class=\"elementor-container elementor-column-gap-default\">\n\t\t\t\t\t<div class=\"elementor-column elementor-col-100 elementor-top-column elementor-element elementor-element-6e21521b\" data-id=\"6e21521b\" data-element_type=\"column\">\n\t\t\t<div class=\"elementor-widget-wrap elementor-element-populated\">\n\t\t\t\t\t\t<div class=\"elementor-element elementor-element-1f388dc3 elementor-widget elementor-widget-heading\" data-id=\"1f388dc3\" data-element_type=\"widget\" data-widget_type=\"heading.default\">\n\t\t\t\t<div class=\"elementor-widget-container\">\n\t\t\t\t\t<h1 class=\"elementor-heading-title elementor-size-default\">Sobre Eguard Trade<\/h1>\t\t\t\t<\/div>\n\t\t\t\t<\/div>\n\t\t\t\t\t<\/div>\n\t\t<\/div>\n\t\t\t\t\t<\/div>\n\t\t<\/section>\n\t\t\t\t<section class=\"elementor-section elementor-top-section elementor-element elementor-element-2cd2829c elementor-section-boxed elementor-section-height-default elementor-section-height-default\" data-id=\"2cd2829c\" data-element_type=\"section\">\n\t\t\t\t\t\t<div class=\"elementor-container elementor-column-gap-default\">\n\t\t\t\t\t<div class=\"elementor-column elementor-col-50 elementor-top-column elementor-element elementor-element-1ec83994 animated-slow elementor-invisible\" data-id=\"1ec83994\" data-element_type=\"column\" data-settings=\"{&quot;animation&quot;:&quot;fadeInLeft&quot;}\">\n\t\t\t<div class=\"elementor-widget-wrap elementor-element-populated\">\n\t\t\t\t\t\t<div class=\"elementor-element elementor-element-3565046f elementor-widget elementor-widget-image\" data-id=\"3565046f\" data-element_type=\"widget\" data-widget_type=\"image.default\">\n\t\t\t\t<div class=\"elementor-widget-container\">\n\t\t\t\t\t\t\t\t\t\t\t\t\t\t\t<img fetchpriority=\"high\" decoding=\"async\" width=\"922\" height=\"787\" src=\"https:\/\/eguardtrade.com\/wp-content\/uploads\/2024\/01\/1.png\" class=\"attachment-full size-full wp-image-207\" alt=\"\" srcset=\"https:\/\/eguardtrade.com\/wp-content\/uploads\/2024\/01\/1.png 922w, https:\/\/eguardtrade.com\/wp-content\/uploads\/2024\/01\/1-300x256.png 300w, https:\/\/eguardtrade.com\/wp-content\/uploads\/2024\/01\/1-768x656.png 768w, https:\/\/eguardtrade.com\/wp-content\/uploads\/2024\/01\/1-14x12.png 14w\" sizes=\"(max-width: 922px) 100vw, 922px\" \/>\t\t\t\t\t\t\t\t\t\t\t\t\t\t\t<\/div>\n\t\t\t\t<\/div>\n\t\t\t\t\t<\/div>\n\t\t<\/div>\n\t\t\t\t<div class=\"elementor-column elementor-col-50 elementor-top-column elementor-element elementor-element-795643f2\" data-id=\"795643f2\" data-element_type=\"column\">\n\t\t\t<div class=\"elementor-widget-wrap elementor-element-populated\">\n\t\t\t\t\t\t<div class=\"elementor-element elementor-element-3b1f4f11 animated-slow elementor-invisible elementor-widget elementor-widget-heading\" data-id=\"3b1f4f11\" data-element_type=\"widget\" data-settings=\"{&quot;_animation&quot;:&quot;fadeInUp&quot;}\" data-widget_type=\"heading.default\">\n\t\t\t\t<div class=\"elementor-widget-container\">\n\t\t\t\t\t<h3 class=\"elementor-heading-title elementor-size-default\">Eguard Trade<\/h3>\t\t\t\t<\/div>\n\t\t\t\t<\/div>\n\t\t\t\t<div class=\"elementor-element elementor-element-197bab8f elementor-widget elementor-widget-text-editor\" data-id=\"197bab8f\" data-element_type=\"widget\" data-widget_type=\"text-editor.default\">\n\t\t\t\t<div class=\"elementor-widget-container\">\n\t\t\t\t\t\t\t\t\t<p>En Eguard Trade, tejemos una historia de pasi\u00f3n, dedicaci\u00f3n y compromiso con la excelencia en el comercio mayorista de ropa, accesorios de vestir y textiles. Enclavados en el coraz\u00f3n de Malasia, nos erigimos como un faro de fiabilidad, proporcion\u00e1ndote a ti, y a las empresas, un socio de confianza para tus necesidades mayoristas.<\/p>\t\t\t\t\t\t\t\t<\/div>\n\t\t\t\t<\/div>\n\t\t\t\t<div class=\"elementor-element elementor-element-4b533c3 animated-slow elementor-invisible elementor-widget elementor-widget-heading\" data-id=\"4b533c3\" data-element_type=\"widget\" data-settings=\"{&quot;_animation&quot;:&quot;fadeInUp&quot;}\" data-widget_type=\"heading.default\">\n\t\t\t\t<div class=\"elementor-widget-container\">\n\t\t\t\t\t<h3 class=\"elementor-heading-title elementor-size-default\">Nuestra trayectoria<\/h3>\t\t\t\t<\/div>\n\t\t\t\t<\/div>\n\t\t\t\t<div class=\"elementor-element elementor-element-94ac0d3 elementor-widget elementor-widget-text-editor\" data-id=\"94ac0d3\" data-element_type=\"widget\" data-widget_type=\"text-editor.default\">\n\t\t\t\t<div class=\"elementor-widget-container\">\n\t\t\t\t\t\t\t\t\t<p>Fundada con la visi\u00f3n de redefinir tu experiencia de venta al por mayor, Eguard Trade se embarc\u00f3 en un viaje impulsado por una arraigada pasi\u00f3n por la moda y los textiles. A lo largo de los a\u00f1os, nos hemos convertido en una piedra angular del mercado mayorista de Malasia, reconocidos por nuestro compromiso inquebrantable con la calidad y tu satisfacci\u00f3n.<\/p>\t\t\t\t\t\t\t\t<\/div>\n\t\t\t\t<\/div>\n\t\t\t\t<div class=\"elementor-element elementor-element-a9e2b4c elementor-align-right elementor-widget elementor-widget-button\" data-id=\"a9e2b4c\" data-element_type=\"widget\" data-widget_type=\"button.default\">\n\t\t\t\t<div class=\"elementor-widget-container\">\n\t\t\t\t\t\t\t\t\t<div class=\"elementor-button-wrapper\">\n\t\t\t\t\t<a class=\"elementor-button elementor-button-link elementor-size-sm\" href=\"https:\/\/eguardtrade.com\/es\/contactanos\/\">\n\t\t\t\t\t\t<span class=\"elementor-button-content-wrapper\">\n\t\t\t\t\t\t\t\t\t<span class=\"elementor-button-text\">Cont\u00e1ctanos<\/span>\n\t\t\t\t\t<\/span>\n\t\t\t\t\t<\/a>\n\t\t\t\t<\/div>\n\t\t\t\t\t\t\t\t<\/div>\n\t\t\t\t<\/div>\n\t\t\t\t\t<\/div>\n\t\t<\/div>\n\t\t\t\t\t<\/div>\n\t\t<\/section>\n\t\t\t\t<section class=\"elementor-section elementor-top-section elementor-element elementor-element-572ea19b elementor-reverse-tablet elementor-reverse-mobile elementor-section-boxed elementor-section-height-default elementor-section-height-default\" data-id=\"572ea19b\" data-element_type=\"section\">\n\t\t\t\t\t\t\t<div class=\"elementor-background-overlay\"><\/div>\n\t\t\t\t\t\t\t<div class=\"elementor-container elementor-column-gap-default\">\n\t\t\t\t\t<div class=\"elementor-column elementor-col-100 elementor-top-column elementor-element elementor-element-4d7a4066\" data-id=\"4d7a4066\" data-element_type=\"column\">\n\t\t\t<div class=\"elementor-widget-wrap elementor-element-populated\">\n\t\t\t\t\t\t<div class=\"elementor-element elementor-element-4b6373c5 animated-slow elementor-invisible elementor-widget elementor-widget-heading\" data-id=\"4b6373c5\" data-element_type=\"widget\" data-settings=\"{&quot;_animation&quot;:&quot;fadeInUp&quot;}\" data-widget_type=\"heading.default\">\n\t\t\t\t<div class=\"elementor-widget-container\">\n\t\t\t\t\t<h3 class=\"elementor-heading-title elementor-size-default\">Nuestros valores<\/h3>\t\t\t\t<\/div>\n\t\t\t\t<\/div>\n\t\t\t\t<div class=\"elementor-element elementor-element-8b91363 elementor-tabs-view-vertical elementor-widget elementor-widget-tabs\" data-id=\"8b91363\" data-element_type=\"widget\" data-widget_type=\"tabs.default\">\n\t\t\t\t<div class=\"elementor-widget-container\">\n\t\t\t\t\t\t\t<div class=\"elementor-tabs\">\n\t\t\t<div class=\"elementor-tabs-wrapper\" role=\"tablist\" >\n\t\t\t\t\t\t\t\t\t<div id=\"elementor-tab-title-1461\" class=\"elementor-tab-title elementor-tab-desktop-title\" aria-selected=\"true\" data-tab=\"1\" role=\"tab\" tabindex=\"0\" aria-controls=\"elementor-tab-content-1461\" aria-expanded=\"false\">La calidad es lo primero<\/div>\n\t\t\t\t\t\t\t\t\t<div id=\"elementor-tab-title-1462\" class=\"elementor-tab-title elementor-tab-desktop-title\" aria-selected=\"false\" data-tab=\"2\" role=\"tab\" tabindex=\"-1\" aria-controls=\"elementor-tab-content-1462\" aria-expanded=\"false\">Colaboraci\u00f3n y crecimiento<\/div>\n\t\t\t\t\t\t\t\t\t<div id=\"elementor-tab-title-1463\" class=\"elementor-tab-title elementor-tab-desktop-title\" aria-selected=\"false\" data-tab=\"3\" role=\"tab\" tabindex=\"-1\" aria-controls=\"elementor-tab-content-1463\" aria-expanded=\"false\">Innovaci\u00f3n y diversidad<\/div>\n\t\t\t\t\t\t\t<\/div>\n\t\t\t<div class=\"elementor-tabs-content-wrapper\" role=\"tablist\" aria-orientation=\"vertical\">\n\t\t\t\t\t\t\t\t\t<div class=\"elementor-tab-title elementor-tab-mobile-title\" aria-selected=\"true\" data-tab=\"1\" role=\"tab\" tabindex=\"0\" aria-controls=\"elementor-tab-content-1461\" aria-expanded=\"false\">La calidad es lo primero<\/div>\n\t\t\t\t\t<div id=\"elementor-tab-content-1461\" class=\"elementor-tab-content elementor-clearfix\" data-tab=\"1\" role=\"tabpanel\" aria-labelledby=\"elementor-tab-title-1461\" tabindex=\"0\" hidden=\"false\"><p>La calidad no es solo una promesa; es la piedra angular de nuestra identidad. Eguard Trade se dedica a abastecerte y suministrarte solo los mejores productos. Nuestro compromiso con la garant\u00eda de calidad se extiende desde nuestras relaciones con los proveedores hasta los productos que adornan tus estanter\u00edas.<\/p><\/div>\n\t\t\t\t\t\t\t\t\t<div class=\"elementor-tab-title elementor-tab-mobile-title\" aria-selected=\"false\" data-tab=\"2\" role=\"tab\" tabindex=\"-1\" aria-controls=\"elementor-tab-content-1462\" aria-expanded=\"false\">Colaboraci\u00f3n y crecimiento<\/div>\n\t\t\t\t\t<div id=\"elementor-tab-content-1462\" class=\"elementor-tab-content elementor-clearfix\" data-tab=\"2\" role=\"tabpanel\" aria-labelledby=\"elementor-tab-title-1462\" tabindex=\"0\" hidden=\"hidden\"><p>Creemos en el poder de las asociaciones. Eguard Trade es m\u00e1s que un mayorista; somos tu aliado en el crecimiento de tu negocio. Forjamos relaciones que van m\u00e1s all\u00e1 de las transacciones, esforz\u00e1ndonos por comprender tus necesidades \u00fanicas y capacit\u00e1ndote para prosperar en un mercado competitivo.<\/p><\/div>\n\t\t\t\t\t\t\t\t\t<div class=\"elementor-tab-title elementor-tab-mobile-title\" aria-selected=\"false\" data-tab=\"3\" role=\"tab\" tabindex=\"-1\" aria-controls=\"elementor-tab-content-1463\" aria-expanded=\"false\">Innovaci\u00f3n y diversidad<\/div>\n\t\t\t\t\t<div id=\"elementor-tab-content-1463\" class=\"elementor-tab-content elementor-clearfix\" data-tab=\"3\" role=\"tabpanel\" aria-labelledby=\"elementor-tab-title-1463\" tabindex=\"0\" hidden=\"hidden\"><p>En el din\u00e1mico mundo de la moda y el textil, mantenerse a la vanguardia significa abrazar la innovaci\u00f3n y celebrar la diversidad. Eguard Trade cuenta con una amplia gama de productos que reflejan las \u00faltimas tendencias, al tiempo que garantiza una selecci\u00f3n diversa que satisface tus variados gustos y los de tus consumidores.<\/p><\/div>\n\t\t\t\t\t\t\t<\/div>\n\t\t<\/div>\n\t\t\t\t\t\t<\/div>\n\t\t\t\t<\/div>\n\t\t\t\t\t<\/div>\n\t\t<\/div>\n\t\t\t\t\t<\/div>\n\t\t<\/section>\n\t\t\t\t<section class=\"elementor-section elementor-top-section elementor-element elementor-element-de85b79 elementor-reverse-tablet elementor-reverse-mobile elementor-section-boxed elementor-section-height-default elementor-section-height-default\" data-id=\"de85b79\" data-element_type=\"section\">\n\t\t\t\t\t\t\t<div class=\"elementor-background-overlay\"><\/div>\n\t\t\t\t\t\t\t<div class=\"elementor-container elementor-column-gap-default\">\n\t\t\t\t\t<div class=\"elementor-column elementor-col-100 elementor-top-column elementor-element elementor-element-5b5ef7d\" data-id=\"5b5ef7d\" data-element_type=\"column\">\n\t\t\t<div class=\"elementor-widget-wrap elementor-element-populated\">\n\t\t\t\t\t\t<div class=\"elementor-element elementor-element-5598eda animated-slow elementor-invisible elementor-widget elementor-widget-heading\" data-id=\"5598eda\" data-element_type=\"widget\" data-settings=\"{&quot;_animation&quot;:&quot;fadeInUp&quot;}\" data-widget_type=\"heading.default\">\n\t\t\t\t<div class=\"elementor-widget-container\">\n\t\t\t\t\t<h3 class=\"elementor-heading-title elementor-size-default\">Nuestro compromiso<\/h3>\t\t\t\t<\/div>\n\t\t\t\t<\/div>\n\t\t\t\t<div class=\"elementor-element elementor-element-5e8b9ca elementor-tabs-view-vertical elementor-widget elementor-widget-tabs\" data-id=\"5e8b9ca\" data-element_type=\"widget\" data-widget_type=\"tabs.default\">\n\t\t\t\t<div class=\"elementor-widget-container\">\n\t\t\t\t\t\t\t<div class=\"elementor-tabs\">\n\t\t\t<div class=\"elementor-tabs-wrapper\" role=\"tablist\" >\n\t\t\t\t\t\t\t\t\t<div id=\"elementor-tab-title-9911\" class=\"elementor-tab-title elementor-tab-desktop-title\" aria-selected=\"true\" data-tab=\"1\" role=\"tab\" tabindex=\"0\" aria-controls=\"elementor-tab-content-9911\" aria-expanded=\"false\">Satisfacci\u00f3n del cliente<\/div>\n\t\t\t\t\t\t\t\t\t<div id=\"elementor-tab-title-9912\" class=\"elementor-tab-title elementor-tab-desktop-title\" aria-selected=\"false\" data-tab=\"2\" role=\"tab\" tabindex=\"-1\" aria-controls=\"elementor-tab-content-9912\" aria-expanded=\"false\">Pr\u00e1cticas empresariales \u00e9ticas<\/div>\n\t\t\t\t\t\t\t\t\t<div id=\"elementor-tab-title-9913\" class=\"elementor-tab-title elementor-tab-desktop-title\" aria-selected=\"false\" data-tab=\"3\" role=\"tab\" tabindex=\"-1\" aria-controls=\"elementor-tab-content-9913\" aria-expanded=\"false\">\u00danete a la experiencia Eguard Trade<\/div>\n\t\t\t\t\t\t\t<\/div>\n\t\t\t<div class=\"elementor-tabs-content-wrapper\" role=\"tablist\" aria-orientation=\"vertical\">\n\t\t\t\t\t\t\t\t\t<div class=\"elementor-tab-title elementor-tab-mobile-title\" aria-selected=\"true\" data-tab=\"1\" role=\"tab\" tabindex=\"0\" aria-controls=\"elementor-tab-content-9911\" aria-expanded=\"false\">Satisfacci\u00f3n del cliente<\/div>\n\t\t\t\t\t<div id=\"elementor-tab-content-9911\" class=\"elementor-tab-content elementor-clearfix\" data-tab=\"1\" role=\"tabpanel\" aria-labelledby=\"elementor-tab-title-9911\" tabindex=\"0\" hidden=\"false\"><p>Tu \u00e9xito es nuestro \u00e9xito. Eguard Trade se dedica a garantizar tu satisfacci\u00f3n. Desde procesos de pedido fluidos hasta entregas puntuales, damos prioridad a tus necesidades, fomentando relaciones a largo plazo basadas en la confianza y la fiabilidad.<\/p><\/div>\n\t\t\t\t\t\t\t\t\t<div class=\"elementor-tab-title elementor-tab-mobile-title\" aria-selected=\"false\" data-tab=\"2\" role=\"tab\" tabindex=\"-1\" aria-controls=\"elementor-tab-content-9912\" aria-expanded=\"false\">Pr\u00e1cticas empresariales \u00e9ticas<\/div>\n\t\t\t\t\t<div id=\"elementor-tab-content-9912\" class=\"elementor-tab-content elementor-clearfix\" data-tab=\"2\" role=\"tabpanel\" aria-labelledby=\"elementor-tab-title-9912\" tabindex=\"0\" hidden=\"hidden\"><p>La integridad es la base de nuestro negocio. Eguard Trade est\u00e1 comprometido con pr\u00e1cticas empresariales \u00e9ticas, transparencia y tratos justos. Mantenemos los m\u00e1s altos est\u00e1ndares de profesionalidad, asegurando que puedas confiar en nosotros con confianza.<\/p><\/div>\n\t\t\t\t\t\t\t\t\t<div class=\"elementor-tab-title elementor-tab-mobile-title\" aria-selected=\"false\" data-tab=\"3\" role=\"tab\" tabindex=\"-1\" aria-controls=\"elementor-tab-content-9913\" aria-expanded=\"false\">\u00danete a la experiencia Eguard Trade<\/div>\n\t\t\t\t\t<div id=\"elementor-tab-content-9913\" class=\"elementor-tab-content elementor-clearfix\" data-tab=\"3\" role=\"tabpanel\" aria-labelledby=\"elementor-tab-title-9913\" tabindex=\"0\" hidden=\"hidden\"><p>Si eres un minorista de boutique, un empresario de moda o un entusiasta textil, Eguard Trade te da la bienvenida a unirte a nosotros en este emocionante viaje. Descubre un mundo de calidad, diversidad y colaboraci\u00f3n mientras exploras la amplia gama de productos que definimos en Eguard Trade.<\/p><\/div>\n\t\t\t\t\t\t\t<\/div>\n\t\t<\/div>\n\t\t\t\t\t\t<\/div>\n\t\t\t\t<\/div>\n\t\t\t\t\t<\/div>\n\t\t<\/div>\n\t\t\t\t\t<\/div>\n\t\t<\/section>\n\t\t\t\t<section class=\"elementor-section elementor-top-section elementor-element elementor-element-72406be9 elementor-section-boxed elementor-section-height-default elementor-section-height-default\" data-id=\"72406be9\" data-element_type=\"section\" data-settings=\"{&quot;background_background&quot;:&quot;classic&quot;}\">\n\t\t\t\t\t\t\t<div class=\"elementor-background-overlay\"><\/div>\n\t\t\t\t\t\t\t<div class=\"elementor-container elementor-column-gap-default\">\n\t\t\t\t\t<div class=\"elementor-column elementor-col-100 elementor-top-column elementor-element elementor-element-155482d7\" data-id=\"155482d7\" data-element_type=\"column\">\n\t\t\t<div class=\"elementor-widget-wrap elementor-element-populated\">\n\t\t\t\t\t\t<div class=\"elementor-element elementor-element-7cc3c754 elementor-widget elementor-widget-heading\" data-id=\"7cc3c754\" data-element_type=\"widget\" data-widget_type=\"heading.default\">\n\t\t\t\t<div class=\"elementor-widget-container\">\n\t\t\t\t\t<h3 class=\"elementor-heading-title elementor-size-default\">Ponte en contacto con nosotros hoy mismo y experimenta la diferencia de Eguard Trade, donde tu \u00e9xito no es solo un objetivo, sino nuestro compromiso.<\/h3>\t\t\t\t<\/div>\n\t\t\t\t<\/div>\n\t\t\t\t<div class=\"elementor-element elementor-element-480d410 elementor-align-center elementor-widget elementor-widget-button\" data-id=\"480d410\" data-element_type=\"widget\" data-widget_type=\"button.default\">\n\t\t\t\t<div class=\"elementor-widget-container\">\n\t\t\t\t\t\t\t\t\t<div class=\"elementor-button-wrapper\">\n\t\t\t\t\t<a class=\"elementor-button elementor-button-link elementor-size-sm\" href=\"https:\/\/eguardtrade.com\/es\/contactanos\/\">\n\t\t\t\t\t\t<span class=\"elementor-button-content-wrapper\">\n\t\t\t\t\t\t\t\t\t<span class=\"elementor-button-text\">Cont\u00e1ctanos<\/span>\n\t\t\t\t\t<\/span>\n\t\t\t\t\t<\/a>\n\t\t\t\t<\/div>\n\t\t\t\t\t\t\t\t<\/div>\n\t\t\t\t<\/div>\n\t\t\t\t\t<\/div>\n\t\t<\/div>\n\t\t\t\t\t<\/div>\n\t\t<\/section>\n\t\t\t\t<\/div>","protected":false},"excerpt":{"rendered":"<p>About Eguard Trade Eguard Trade At Eguard Trade, we weave a story of passion, dedication, and a commitment to excellence in the wholesale trade of clothing, clothing accessories, and textiles. Nestled in the heart of Malaysia, we stand as a beacon of reliability, providing businesses with a trusted partner for their wholesale needs. Our Journey [&hellip;]<\/p>","protected":false},"author":6,"featured_media":0,"parent":0,"menu_order":0,"comment_status":"closed","ping_status":"closed","template":"elementor_header_footer","meta":{"footnotes":""},"class_list":["post-98","page","type-page","status-publish","hentry"],"_links":{"self":[{"href":"https:\/\/eguardtrade.com\/es\/wp-json\/wp\/v2\/pages\/98","targetHints":{"allow":["GET"]}}],"collection":[{"href":"https:\/\/eguardtrade.com\/es\/wp-json\/wp\/v2\/pages"}],"about":[{"href":"https:\/\/eguardtrade.com\/es\/wp-json\/wp\/v2\/types\/page"}],"author":[{"embeddable":true,"href":"https:\/\/eguardtrade.com\/es\/wp-json\/wp\/v2\/users\/6"}],"replies":[{"embeddable":true,"href":"https:\/\/eguardtrade.com\/es\/wp-json\/wp\/v2\/comments?post=98"}],"version-history":[{"count":22,"href":"https:\/\/eguardtrade.com\/es\/wp-json\/wp\/v2\/pages\/98\/revisions"}],"predecessor-version":[{"id":313,"href":"https:\/\/eguardtrade.com\/es\/wp-json\/wp\/v2\/pages\/98\/revisions\/313"}],"wp:attachment":[{"href":"https:\/\/eguardtrade.com\/es\/wp-json\/wp\/v2\/media?parent=98"}],"curies":[{"name":"wp","href":"https:\/\/api.w.org\/{rel}","templated":true}]}}